{"id":1109,"date":"2025-02-11T12:13:05","date_gmt":"2025-02-11T12:13:05","guid":{"rendered":"https:\/\/greendoor.fi\/?page_id=1109"},"modified":"2025-02-11T12:30:17","modified_gmt":"2025-02-11T12:30:17","slug":"workshopit-ja-koulutusohjelmat","status":"publish","type":"page","link":"https:\/\/greendoor.fi\/en\/workshopit-ja-koulutusohjelmat\/","title":{"rendered":"Our Workshops"},"content":{"rendered":"\t\t<div data-elementor-type=\"wp-page\" data-elementor-id=\"1109\" class=\"elementor elementor-1109\">\n\t\t\t\t\t\t<section class=\"elementor-section elementor-top-section elementor-element elementor-element-2f233484 elementor-section-boxed elementor-section-height-default elementor-section-height-default wpr-particle-no wpr-jarallax-no wpr-parallax-no wpr-sticky-section-no wpr-equal-height-no\" data-id=\"2f233484\" data-element_type=\"section\" data-e-type=\"section\" data-settings=\"{&quot;background_background&quot;:&quot;classic&quot;}\">\n\t\t\t\t\t\t\t<div class=\"elementor-background-overlay\"><\/div>\n\t\t\t\t\t\t\t<div class=\"elementor-container elementor-column-gap-default\">\n\t\t\t\t\t<div class=\"elementor-column elementor-col-100 elementor-top-column elementor-element elementor-element-1bf4e730\" data-id=\"1bf4e730\" data-element_type=\"column\" data-e-type=\"column\">\n\t\t\t<div class=\"elementor-widget-wrap elementor-element-populated\">\n\t\t\t\t\t\t<div class=\"elementor-element elementor-element-2ab64aea elementor-widget elementor-widget-heading\" data-id=\"2ab64aea\" data-element_type=\"widget\" data-e-type=\"widget\" data-widget_type=\"heading.default\">\n\t\t\t\t<div class=\"elementor-widget-container\">\n\t\t\t\t\t<h2 class=\"elementor-heading-title elementor-size-default\">Workshopit ja koulutusohjelmat<\/h2>\t\t\t\t<\/div>\n\t\t\t\t<\/div>\n\t\t\t\t<div class=\"elementor-element elementor-element-f9d300e elementor-widget elementor-widget-text-editor\" data-id=\"f9d300e\" data-element_type=\"widget\" data-e-type=\"widget\" data-widget_type=\"text-editor.default\">\n\t\t\t\t<div class=\"elementor-widget-container\">\n\t\t\t\t\t\t\t\t\t<p><span style=\"font-weight: 400;\">Tarjoamme vaikuttavia ty\u00f6pajoja, jotka auttavat johtajia, ty\u00f6ntekij\u00f6it\u00e4 ja organisaatioita kehitt\u00e4m\u00e4\u00e4n ty\u00f6el\u00e4m\u00e4ss\u00e4 tarvittavia taitoja.<\/span><\/p><ol><li><strong> Inklusiivinen johtaminen ja monikulttuuristen tiimien hallinta<\/strong><\/li><\/ol><p><span style=\"font-weight: 400;\">\ud83d\udcc5<\/span><span style=\"font-weight: 400;\"> Kesto: 1-2 p\u00e4iv\u00e4\u00e4 | <\/span><span style=\"font-weight: 400;\">\ud83d\udc65<\/span><span style=\"font-weight: 400;\"> Kohderyhm\u00e4: Esihenkil\u00f6t, HR-ammattilaiset<br \/><\/span><span style=\"font-weight: 400;\">\u2714<\/span><span style=\"font-weight: 400;\"> Koulutusta monimuotoisten tiimien johtamisesta, viestinn\u00e4st\u00e4 ja konfliktinhallinnasta<\/span><\/p><ol start=\"2\"><li><strong> Ty\u00f6el\u00e4m\u00e4n tasapaino ja ty\u00f6uupumuksen ehk\u00e4isy<\/strong><\/li><\/ol><p><span style=\"font-weight: 400;\">\ud83d\udcc5<\/span><span style=\"font-weight: 400;\"> Kesto: 2-3 tuntia | <\/span><span style=\"font-weight: 400;\">\ud83d\udc65<\/span><span style=\"font-weight: 400;\"> Kohderyhm\u00e4: Ty\u00f6ntekij\u00e4t, johtajat, ammattilaiset<br \/><\/span><span style=\"font-weight: 400;\">\u2714<\/span><span style=\"font-weight: 400;\"> K\u00e4yt\u00e4nn\u00f6n ty\u00f6kalut stressinhallintaan ja ty\u00f6uupumuksen ennaltaehk\u00e4isyyn<\/span><\/p><ol start=\"3\"><li><strong> Kansainv\u00e4listen ty\u00f6ntekij\u00f6iden menestyminen suomalaisessa ty\u00f6el\u00e4m\u00e4ss\u00e4<\/strong><\/li><\/ol><p><span style=\"font-weight: 400;\">\ud83d\udcc5<\/span><span style=\"font-weight: 400;\"> Kesto: 1 p\u00e4iv\u00e4 | <\/span><span style=\"font-weight: 400;\">\ud83d\udc65<\/span><span style=\"font-weight: 400;\"> Kohderyhm\u00e4: Kansainv\u00e4liset ty\u00f6ntekij\u00e4t, HR-tiimit<br \/><\/span><span style=\"font-weight: 400;\">\u2714<\/span><span style=\"font-weight: 400;\"> Auttaa kansainv\u00e4lisi\u00e4 ty\u00f6ntekij\u00f6it\u00e4 sopeutumaan suomalaiseen ty\u00f6el\u00e4m\u00e4\u00e4n ja etenem\u00e4\u00e4n urallaan<\/span><\/p><ol start=\"4\"><li><strong> Monimuotoisuus ja inkluusio ty\u00f6paikalla<\/strong><\/li><\/ol><p><span style=\"font-weight: 400;\">\ud83d\udcc5<\/span><span style=\"font-weight: 400;\"> Kesto: Puolip\u00e4iv\u00e4\u00e4 | <\/span><span style=\"font-weight: 400;\">\ud83d\udc65<\/span><span style=\"font-weight: 400;\"> Kohderyhm\u00e4: Organisaatiot, HR, ty\u00f6ntekij\u00e4t<br \/><\/span><span style=\"font-weight: 400;\">\u2714<\/span><span style=\"font-weight: 400;\"> Koulutus piilotettujen ennakkoluulojen tunnistamisesta, osallistavan kulttuurin rakentamisesta ja monimuotoisuuden hy\u00f6dynt\u00e4misest\u00e4<\/span><\/p><p><span style=\"font-weight: 400;\">Workshopit ovat saatavilla l\u00e4hikoulutuksina, verkkosessioina tai r\u00e4\u00e4t\u00e4l\u00f6ityin\u00e4 ohjelmina yrityksille.<\/span><\/p>\t\t\t\t\t\t\t\t<\/div>\n\t\t\t\t<\/div>\n\t\t\t\t\t<\/div>\n\t\t<\/div>\n\t\t\t\t\t<\/div>\n\t\t<\/section>\n\t\t\t\t<section class=\"elementor-section elementor-top-section elementor-element elementor-element-2deedbf9 elementor-section-boxed elementor-section-height-default elementor-section-height-default wpr-particle-no wpr-jarallax-no wpr-parallax-no wpr-sticky-section-no wpr-equal-height-no\" data-id=\"2deedbf9\" data-element_type=\"section\" data-e-type=\"section\">\n\t\t\t\t\t\t<div class=\"elementor-container elementor-column-gap-default\">\n\t\t\t\t\t<div class=\"elementor-column elementor-col-100 elementor-top-column elementor-element elementor-element-22f02345\" data-id=\"22f02345\" data-element_type=\"column\" data-e-type=\"column\">\n\t\t\t<div class=\"elementor-widget-wrap elementor-element-populated\">\n\t\t\t\t\t\t<section class=\"elementor-section elementor-inner-section elementor-element elementor-element-6adc682a elementor-section-boxed elementor-section-height-default elementor-section-height-default wpr-particle-no wpr-jarallax-no wpr-parallax-no wpr-sticky-section-no wpr-equal-height-no\" data-id=\"6adc682a\" data-element_type=\"section\" data-e-type=\"section\">\n\t\t\t\t\t\t<div class=\"elementor-container elementor-column-gap-default\">\n\t\t\t\t\t<div class=\"elementor-column elementor-col-50 elementor-inner-column elementor-element elementor-element-62422c3b\" data-id=\"62422c3b\" data-element_type=\"column\" data-e-type=\"column\">\n\t\t\t<div class=\"elementor-widget-wrap elementor-element-populated\">\n\t\t\t\t\t\t<div class=\"elementor-element elementor-element-6812746e elementor-widget elementor-widget-heading\" data-id=\"6812746e\" data-element_type=\"widget\" data-e-type=\"widget\" data-widget_type=\"heading.default\">\n\t\t\t\t<div class=\"elementor-widget-container\">\n\t\t\t\t\t<h6 class=\"elementor-heading-title elementor-size-default\">Ota yhteytt\u00e4<\/h6>\t\t\t\t<\/div>\n\t\t\t\t<\/div>\n\t\t\t\t<div class=\"elementor-element elementor-element-7f38e12 elementor-widget elementor-widget-heading\" data-id=\"7f38e12\" data-element_type=\"widget\" data-e-type=\"widget\" data-widget_type=\"heading.default\">\n\t\t\t\t<div class=\"elementor-widget-container\">\n\t\t\t\t\t<h2 class=\"elementor-heading-title elementor-size-default\">T\u00e4yt\u00e4 oheinen lomake ja vastaamme sinulle mahdollisimman pian!<\/h2>\t\t\t\t<\/div>\n\t\t\t\t<\/div>\n\t\t\t\t<div class=\"elementor-element elementor-element-18c10278 wpr-step-type-number_text wpr-step-content-layout-vertical wpr-custom-styles-yes elementor-widget elementor-widget-wpr-form-builder\" data-id=\"18c10278\" data-element_type=\"widget\" data-e-type=\"widget\" data-settings=\"{&quot;success_message&quot;:&quot;Submission successful&quot;,&quot;error_message&quot;:&quot;Submission failed&quot;,&quot;button_width&quot;:{&quot;unit&quot;:&quot;%&quot;,&quot;size&quot;:100,&quot;sizes&quot;:[]},&quot;button_width_tablet&quot;:{&quot;unit&quot;:&quot;px&quot;,&quot;size&quot;:&quot;&quot;,&quot;sizes&quot;:[]},&quot;button_width_mobile&quot;:{&quot;unit&quot;:&quot;px&quot;,&quot;size&quot;:&quot;&quot;,&quot;sizes&quot;:[]},&quot;step_type&quot;:&quot;number_text&quot;,&quot;step_content_layout&quot;:&quot;vertical&quot;}\" data-widget_type=\"wpr-form-builder.default\">\n\t\t\t\t<div class=\"elementor-widget-container\">\n\t\t\t\t\t\t\t<form class=\"wpr-form\" method=\"post\" name=\"New Form\" page=\"Workshopit ja koulutusohjelmat\" page_id=\"1109\" novalidate>\n\t\t\t<input type=\"hidden\" name=\"post_id\" value=\"1109\"\/>\n\t\t\t<input type=\"hidden\" name=\"form_id\" value=\"18c10278\"\/>\n\t\t\t<input type=\"hidden\" name=\"referer_title\" value=\"\" \/>\n\n\t\t\t<div class=\"wpr-step-wrap\"><\/div>\n\t\t\t<div class=\"wpr-form-fields-wrap wpr-labels-above\">\n\t\t\t\t\t\t\t\t\t<div class=\"wpr-form-field-type-text wpr-field-group wpr-column wpr-field-group-name elementor-repeater-item-aefc92b\">\n\t\t\t\t\t\t\t\t\t\t\t\t\t\t<label for=\"form-field-name\" class=\"wpr-form-field-label\" data-alt-label=\"Name\">\n\t\t\t\t\t\t\t\t\tName\t\t\t\t\t\t\t\t<\/label>\n\t\t\t\t\t\t\t<input size=\"1 \"type=\"text\" name=\"form_fields[name]\" id=\"form-field-name\" class=\"wpr-form-field  wpr-form-field-textual\" placeholder=\"Name\">\t\t\t\t\t<\/div>\n\t\t\t\t\t\t\t\t\t<div class=\"wpr-form-field-type-email wpr-field-group wpr-column wpr-field-group-email elementor-repeater-item-888dd38 wpr-form-field-required\">\n\t\t\t\t\t\t\t\t\t\t\t\t\t\t<label for=\"form-field-email\" class=\"wpr-form-field-label\" data-alt-label=\"Email\">\n\t\t\t\t\t\t\t\t\tEmail\t\t\t\t\t\t\t\t<\/label>\n\t\t\t\t\t\t\t<input size=\"1 \"type=\"email\" name=\"form_fields[email]\" id=\"form-field-email\" class=\"wpr-form-field  wpr-form-field-textual\" placeholder=\"Email\" required=\"required\" aria-required=\"true\">\t\t\t\t\t<\/div>\n\t\t\t\t\t\t\t\t\t<div class=\"wpr-form-field-type-textarea wpr-field-group wpr-column wpr-field-group-message elementor-repeater-item-3b2fca3\">\n\t\t\t\t\t\t\t\t\t\t\t\t\t\t<label for=\"form-field-message\" class=\"wpr-form-field-label\" data-alt-label=\"Message\">\n\t\t\t\t\t\t\t\t\tMessage\t\t\t\t\t\t\t\t<\/label>\n\t\t\t\t\t\t\t<textarea class=\"wpr-form-field-textual wpr-form-field \" name=\"form_fields[message]\" id=\"form-field-message\" rows=\"7\" placeholder=\"Message\"><\/textarea>\t\t\t\t\t<\/div>\n\t\t\t\t<div class=\"wpr-field-group wpr-stp-btns-wrap wpr-column wpr-form-field-type-submit\" data-actions=\"[&quot;email&quot;]\" data-redirect-url=\"\" data-mailchimp-fields=\"{&quot;email_field&quot;:&quot;&quot;,&quot;first_name_field&quot;:&quot;&quot;,&quot;last_name_field&quot;:&quot;&quot;,&quot;address_field&quot;:&quot;&quot;,&quot;phone_field&quot;:&quot;&quot;,&quot;birthday_field&quot;:&quot;&quot;,&quot;group_id&quot;:&quot;&quot;}\" data-list-id=\"\">\t\t\t<button type=\"submit\" class=\"wpr-button\">\n\t\t\t\t<span >\n\t\t\t\t\t\t\t\t\t\t\t\t\t\t\t\t<span>L\u00e4het\u00e4<\/span>\n\t\t\t\t\t\t\t\t\t\t\t\t\t\t<\/span>\t\n\t\t\t\t<div class=\"wpr-double-bounce wpr-loader-hidden\">\n\t\t\t\t\t<div class=\"wpr-child wpr-double-bounce1\"><\/div>\n\t\t\t\t\t<div class=\"wpr-child wpr-double-bounce2\"><\/div>\n\t\t\t\t<\/div>\n\t\t\t<\/button>\n\t\t<\/div>\t\t\t\t\n\t\t\t<\/div>\n\t\t<\/form>\n\t  \t\t\t\t<\/div>\n\t\t\t\t<\/div>\n\t\t\t\t\t<\/div>\n\t\t<\/div>\n\t\t\t\t<div class=\"elementor-column elementor-col-50 elementor-inner-column elementor-element elementor-element-146c5cf4\" data-id=\"146c5cf4\" data-element_type=\"column\" data-e-type=\"column\" data-settings=\"{&quot;background_background&quot;:&quot;classic&quot;}\">\n\t\t\t<div class=\"elementor-widget-wrap elementor-element-populated\">\n\t\t\t\t\t\t<div class=\"elementor-element elementor-element-560dde75 elementor-widget elementor-widget-heading\" data-id=\"560dde75\" data-element_type=\"widget\" data-e-type=\"widget\" data-widget_type=\"heading.default\">\n\t\t\t\t<div class=\"elementor-widget-container\">\n\t\t\t\t\t<h2 class=\"elementor-heading-title elementor-size-default\">Greendoor<\/h2>\t\t\t\t<\/div>\n\t\t\t\t<\/div>\n\t\t\t\t<div class=\"elementor-element elementor-element-3de7b71c elementor-align-center elementor-icon-list--layout-traditional elementor-list-item-link-full_width elementor-widget elementor-widget-icon-list\" data-id=\"3de7b71c\" data-element_type=\"widget\" data-e-type=\"widget\" data-widget_type=\"icon-list.default\">\n\t\t\t\t<div class=\"elementor-widget-container\">\n\t\t\t\t\t\t\t<ul class=\"elementor-icon-list-items\">\n\t\t\t\t\t\t\t<li class=\"elementor-icon-list-item\">\n\t\t\t\t\t\t\t\t\t\t\t<a href=\"mailto:info@greendoor.fi\">\n\n\t\t\t\t\t\t\t\t\t\t\t<span class=\"elementor-icon-list-text\">info@greendoor.fi<\/span>\n\t\t\t\t\t\t\t\t\t\t\t<\/a>\n\t\t\t\t\t\t\t\t\t<\/li>\n\t\t\t\t\t\t\t\t<li class=\"elementor-icon-list-item\">\n\t\t\t\t\t\t\t\t\t\t\t<a href=\"tel:+358451956046\">\n\n\t\t\t\t\t\t\t\t\t\t\t<span class=\"elementor-icon-list-text\">045 195 6046<\/span>\n\t\t\t\t\t\t\t\t\t\t\t<\/a>\n\t\t\t\t\t\t\t\t\t<\/li>\n\t\t\t\t\t\t<\/ul>\n\t\t\t\t\t\t<\/div>\n\t\t\t\t<\/div>\n\t\t\t\t\t<\/div>\n\t\t<\/div>\n\t\t\t\t\t<\/div>\n\t\t<\/section>\n\t\t\t\t\t<\/div>\n\t\t<\/div>\n\t\t\t\t\t<\/div>\n\t\t<\/section>\n\t\t\t\t<section class=\"elementor-section elementor-top-section elementor-element elementor-element-5feb9c9b elementor-section-full_width elementor-section-height-default elementor-section-height-default wpr-particle-no wpr-jarallax-no wpr-parallax-no wpr-sticky-section-no wpr-equal-height-no\" data-id=\"5feb9c9b\" data-element_type=\"section\" data-e-type=\"section\">\n\t\t\t\t\t\t<div class=\"elementor-container elementor-column-gap-default\">\n\t\t\t\t\t<div class=\"elementor-column elementor-col-100 elementor-top-column elementor-element elementor-element-1965f07c\" data-id=\"1965f07c\" data-element_type=\"column\" data-e-type=\"column\">\n\t\t\t<div class=\"elementor-widget-wrap elementor-element-populated\">\n\t\t\t\t\t\t<div class=\"elementor-element elementor-element-3aa492e0 elementor-widget elementor-widget-google_maps\" data-id=\"3aa492e0\" data-element_type=\"widget\" data-e-type=\"widget\" data-widget_type=\"google_maps.default\">\n\t\t\t\t<div class=\"elementor-widget-container\">\n\t\t\t\t\t\t\t<div class=\"elementor-custom-embed\">\n\t\t\t<iframe loading=\"lazy\"\n\t\t\t\t\tsrc=\"https:\/\/maps.google.com\/maps?q=helsinki&#038;t=m&#038;z=14&#038;output=embed&#038;iwloc=near\"\n\t\t\t\t\ttitle=\"helsinki\"\n\t\t\t\t\taria-label=\"helsinki\"\n\t\t\t><\/iframe>\n\t\t<\/div>\n\t\t\t\t\t\t<\/div>\n\t\t\t\t<\/div>\n\t\t\t\t\t<\/div>\n\t\t<\/div>\n\t\t\t\t\t<\/div>\n\t\t<\/section>\n\t\t\t\t<\/div>\n\t\t","protected":false},"excerpt":{"rendered":"<p>Workshopit ja koulutusohjelmat Tarjoamme vaikuttavia ty\u00f6pajoja, jotka auttavat johtajia, ty\u00f6ntekij\u00f6it\u00e4 ja organisaatioita kehitt\u00e4m\u00e4\u00e4n ty\u00f6el\u00e4m\u00e4ss\u00e4 tarvittavia taitoja. Inklusiivinen johtaminen ja monikulttuuristen tiimien hallinta \ud83d\udcc5 Kesto: 1-2 p\u00e4iv\u00e4\u00e4 | \ud83d\udc65 Kohderyhm\u00e4: Esihenkil\u00f6t, HR-ammattilaiset\u2714 Koulutusta monimuotoisten tiimien johtamisesta, viestinn\u00e4st\u00e4 ja konfliktinhallinnasta Ty\u00f6el\u00e4m\u00e4n tasapaino ja ty\u00f6uupumuksen ehk\u00e4isy \ud83d\udcc5 Kesto: 2-3 tuntia | \ud83d\udc65 Kohderyhm\u00e4: Ty\u00f6ntekij\u00e4t, johtajat, ammattilaiset\u2714 K\u00e4yt\u00e4nn\u00f6n ty\u00f6kalut stressinhallintaan ja ty\u00f6uupumuksen ennaltaehk\u00e4isyyn Kansainv\u00e4listen ty\u00f6ntekij\u00f6iden menestyminen suomalaisessa ty\u00f6el\u00e4m\u00e4ss\u00e4 \ud83d\udcc5 Kesto: 1 p\u00e4iv\u00e4 | \ud83d\udc65 Kohderyhm\u00e4: Kansainv\u00e4liset ty\u00f6ntekij\u00e4t, HR-tiimit\u2714 Auttaa kansainv\u00e4lisi\u00e4 ty\u00f6ntekij\u00f6it\u00e4 sopeutumaan suomalaiseen ty\u00f6el\u00e4m\u00e4\u00e4n ja etenem\u00e4\u00e4n urallaan Monimuotoisuus ja inkluusio ty\u00f6paikalla \ud83d\udcc5 Kesto: Puolip\u00e4iv\u00e4\u00e4 | \ud83d\udc65 Kohderyhm\u00e4: Organisaatiot, HR, ty\u00f6ntekij\u00e4t\u2714 Koulutus piilotettujen ennakkoluulojen tunnistamisesta, osallistavan kulttuurin rakentamisesta ja monimuotoisuuden hy\u00f6dynt\u00e4misest\u00e4 Workshopit ovat saatavilla l\u00e4hikoulutuksina, verkkosessioina tai r\u00e4\u00e4t\u00e4l\u00f6ityin\u00e4 ohjelmina yrityksille. Ota yhteytt\u00e4 T\u00e4yt\u00e4 oheinen lomake ja vastaamme sinulle mahdollisimman pian! Name Email Message L\u00e4het\u00e4 Greendoor info@greendoor.fi 045 195 6046<\/p>","protected":false},"author":1,"featured_media":0,"parent":0,"menu_order":0,"comment_status":"closed","ping_status":"closed","template":"","meta":{"_kadence_starter_templates_imported_post":false,"_kad_post_transparent":"","_kad_post_title":"hide","_kad_post_layout":"fullwidth","_kad_post_sidebar_id":"","_kad_post_content_style":"unboxed","_kad_post_vertical_padding":"hide","_kad_post_feature":"hide","_kad_post_feature_position":"","_kad_post_header":false,"_kad_post_footer":false,"_kad_post_classname":"","footnotes":""},"class_list":["post-1109","page","type-page","status-publish","hentry"],"_links":{"self":[{"href":"https:\/\/greendoor.fi\/en\/wp-json\/wp\/v2\/pages\/1109","targetHints":{"allow":["GET"]}}],"collection":[{"href":"https:\/\/greendoor.fi\/en\/wp-json\/wp\/v2\/pages"}],"about":[{"href":"https:\/\/greendoor.fi\/en\/wp-json\/wp\/v2\/types\/page"}],"author":[{"embeddable":true,"href":"https:\/\/greendoor.fi\/en\/wp-json\/wp\/v2\/users\/1"}],"replies":[{"embeddable":true,"href":"https:\/\/greendoor.fi\/en\/wp-json\/wp\/v2\/comments?post=1109"}],"version-history":[{"count":4,"href":"https:\/\/greendoor.fi\/en\/wp-json\/wp\/v2\/pages\/1109\/revisions"}],"predecessor-version":[{"id":1117,"href":"https:\/\/greendoor.fi\/en\/wp-json\/wp\/v2\/pages\/1109\/revisions\/1117"}],"wp:attachment":[{"href":"https:\/\/greendoor.fi\/en\/wp-json\/wp\/v2\/media?parent=1109"}],"curies":[{"name":"wp","href":"https:\/\/api.w.org\/{rel}","templated":true}]}}